{"id":2307,"date":"2018-11-13T17:26:49","date_gmt":"2018-11-13T17:26:49","guid":{"rendered":"http:\/\/www.getmarried.pt\/?page_id=2307"},"modified":"2023-05-10T18:18:18","modified_gmt":"2023-05-10T18:18:18","slug":"portugal","status":"publish","type":"page","link":"https:\/\/www.getmarried.pt\/pt\/portugal\/","title":{"rendered":""},"content":{"rendered":"<p>[vc_row][vc_column]<h1 class=\"sc_title sc_title_regular\">Sobre Portugal<\/h1>[\/vc_column][\/vc_row][vc_row][vc_column][vc_column_text]Portugal, pa\u00eds repleto de hist\u00f3ria, de valores, tradi\u00e7\u00f5es e com uma gastronomia riqu\u00edssima tem muito para oferecer a quem o visita. De norte a sul do pa\u00eds, encantem-se com as diferentes caracter\u00edsticas de cada localidade, com os diferentes vinhos e pratos tradicionais.<\/p>\n<p>Portugal \u00e9 um pa\u00eds encantador e que t\u00e3o bem sabe receber quem o procura. Portugal foi classificado como Destino Europeu de elei\u00e7\u00e3o em 2018 e tem-se tornado por todas as suas caracter\u00edsticas, um Wedding Destination arrebatador![\/vc_column_text][\/vc_column][\/vc_row][vc_row][vc_column width=&#8221;1\/4&#8243;]<a href=\"#algarve\" class=\"sc_button sc_button_square sc_button_style_filled sc_button_size_large aligncenter\">ALGARVE<\/a>[\/vc_column][vc_column width=&#8221;1\/4&#8243;]<a href=\"#douro\" class=\"sc_button sc_button_square sc_button_style_filled sc_button_size_large aligncenter\">DOURO<\/a>[\/vc_column][vc_column width=&#8221;1\/4&#8243;]<a href=\"#sintra\" class=\"sc_button sc_button_square sc_button_style_filled sc_button_size_large aligncenter\">SINTRA<\/a>[\/vc_column][\/vc_row][vc_row][vc_column][vc_separator border_width=&#8221;2&#8243;][\/vc_column][\/vc_row][vc_row css_animation=&#8221;bounceInDown&#8221; el_id=&#8221;douro&#8221;][vc_column]<h1 class=\"sc_title sc_title_regular\">Douro\/Porto<\/h1>[\/vc_column][\/vc_row][vc_row][vc_column width=&#8221;2\/3&#8243;][vc_gallery type=&#8221;flexslider_slide&#8221; interval=&#8221;3&#8243; images=&#8221;2309,2311,2312&#8243; img_size=&#8221;1920&#215;1080&#8243;][\/vc_column][vc_column width=&#8221;1\/3&#8243;][vc_column_text]O Porto \u00e9 uma cidade encantadora, situada nas encostas do Rio Douro. Classificado como Patrim\u00f3nio Mundial pela UNESCO gra\u00e7as aos seus belos monumentos e edif\u00edcio hist\u00f3ricos.<span class=\"Apple-converted-space\">&nbsp; <\/span>Casar no Douro \u00e9 algo m\u00e1gico, que nos enche a alma e que nos faz vibrar.<br \/>\nUma regi\u00e3o demarcada pelo vinho do Porto, tem in\u00fameras quintas e espa\u00e7os que fazem as del\u00edcias de tantos noivos, ficando apenas a 30km do aeroporto internacional Francisco S\u00e1 Carneiro.<br \/>\nO Vale do Douro tamb\u00e9m podia ser chamado de vale encantado, tal beleza e encantamento que nos oferece! As paisagens s\u00e3o arrebatadoras e absolutamente deslumbrantes.[\/vc_column_text][\/vc_column][\/vc_row][vc_row][vc_column][vc_separator border_width=&#8221;2&#8243;][\/vc_column][\/vc_row][vc_row css_animation=&#8221;bounceInDown&#8221; el_id=&#8221;sintra&#8221;][vc_column]<h1 class=\"sc_title sc_title_regular\"><\/h1><h1 class=\"sc_title sc_title_regular\">Sintra\/Lisboa<\/h1>[\/vc_column][\/vc_row][vc_row][vc_column width=&#8221;2\/3&#8243;][vc_gallery type=&#8221;flexslider_slide&#8221; interval=&#8221;3&#8243; images=&#8221;2313,2314,2315,2316&#8243; img_size=&#8221;1920&#215;1080&#8243;][\/vc_column][vc_column width=&#8221;1\/3&#8243;][vc_column_text]Sintra \u00e9 uma vila portuguesa pitoresca, localizada no centro das colinas da Serra de Sintra. Uma vila hist\u00f3rica, repleta de pal\u00e1cios requintados, resid\u00eancias extravagantes e jardins ed\u00edlicos, \u00e9 tamb\u00e9m conhecida como vila rom\u00e2ntica. A variedade de edif\u00edcios fascinantes e as bel\u00edssimas paisagens colocaram Sintra como um dos melhores destinos tur\u00edsticos.<\/p>\n<p>Lisboa, capital de Portugal, com o aeroporto Humberto Delgado, \u00e9 sem d\u00favida uma cidade simp\u00e1tica e acolhedora, que encanta quem visita. Uma cidade inspiradora para quem procura um destino de casamento.[\/vc_column_text][\/vc_column][\/vc_row][vc_row][vc_column][vc_separator border_width=&#8221;2&#8243;][\/vc_column][\/vc_row][vc_row css_animation=&#8221;bounceInDown&#8221; el_id=&#8221;algarve&#8221;][vc_column]<h1 class=\"sc_title sc_title_regular\">Algarve<\/h1>[\/vc_column][\/vc_row][vc_row][vc_column width=&#8221;2\/3&#8243;][vc_gallery type=&#8221;flexslider_slide&#8221; interval=&#8221;3&#8243; images=&#8221;2317,2318,2319&#8243; img_size=&#8221;1920&#215;1080&#8243;][\/vc_column][vc_column width=&#8221;1\/3&#8243;][vc_column_text]Eleito como destino de casamento de elei\u00e7\u00e3o, o Algarve recebe em todas as alturas do ano casais de variados pa\u00edses de origem para viver o seu dia m\u00e1gico. Com as suas praias de excelente qualidade, areais de perder de vista, paisagens deslumbrantes com umar em tons de azul, quase sempre calmo e c\u00e1lido \u00e9 ainda brindado com um clima mediterr\u00e2nico de excel\u00eancia. Com uma infinita variedade tur\u00edstica de oferta, tem um aeroporto em Faro, facilitando quem escolhe o Algarve para casar.<\/p>\n<p>Bem vindo ao Algarve, o segredo mais famoso da Europa![\/vc_column_text][\/vc_column][\/vc_row]<\/p>\n","protected":false},"excerpt":{"rendered":"<p>[vc_row][vc_column][\/vc_column][\/vc_row][vc_row][vc_column][vc_column_text]Portugal, pa\u00eds repleto de hist\u00f3ria, de valores, tradi\u00e7\u00f5es e com uma gastronomia riqu\u00edssima tem muito para oferecer a quem o visita. De norte a sul do pa\u00eds, encantem-se com as diferentes caracter\u00edsticas de cada localidade, com os diferentes vinhos e pratos tradicionais. Portugal \u00e9 um pa\u00eds encantador e que t\u00e3o bem sabe receber quem o [&hellip;]<\/p>\n","protected":false},"author":2,"featured_media":0,"parent":0,"menu_order":0,"comment_status":"closed","ping_status":"closed","template":"","meta":{"footnotes":""},"class_list":["post-2307","page","type-page","status-publish","hentry"],"_links":{"self":[{"href":"https:\/\/www.getmarried.pt\/pt\/wp-json\/wp\/v2\/pages\/2307","targetHints":{"allow":["GET"]}}],"collection":[{"href":"https:\/\/www.getmarried.pt\/pt\/wp-json\/wp\/v2\/pages"}],"about":[{"href":"https:\/\/www.getmarried.pt\/pt\/wp-json\/wp\/v2\/types\/page"}],"author":[{"embeddable":true,"href":"https:\/\/www.getmarried.pt\/pt\/wp-json\/wp\/v2\/users\/2"}],"replies":[{"embeddable":true,"href":"https:\/\/www.getmarried.pt\/pt\/wp-json\/wp\/v2\/comments?post=2307"}],"version-history":[{"count":1,"href":"https:\/\/www.getmarried.pt\/pt\/wp-json\/wp\/v2\/pages\/2307\/revisions"}],"predecessor-version":[{"id":3556,"href":"https:\/\/www.getmarried.pt\/pt\/wp-json\/wp\/v2\/pages\/2307\/revisions\/3556"}],"wp:attachment":[{"href":"https:\/\/www.getmarried.pt\/pt\/wp-json\/wp\/v2\/media?parent=2307"}],"curies":[{"name":"wp","href":"https:\/\/api.w.org\/{rel}","templated":true}]}}