{"id":2,"date":"2016-06-13T14:00:23","date_gmt":"2016-06-13T14:00:23","guid":{"rendered":"http:\/\/www.getmarried.pt\/?page_id=2"},"modified":"2026-01-27T10:48:59","modified_gmt":"2026-01-27T10:48:59","slug":"planeamento-casamento","status":"publish","type":"page","link":"https:\/\/www.getmarried.pt\/pt\/","title":{"rendered":"In\u00edcio"},"content":{"rendered":"<p>[vc_row full_width=&#8221;stretch_row_content&#8221;][vc_column]<div class=\"sc_section\"><div class=\"sc_section_inner\"><div class=\"sc_section_content_wrap\">[rev_slider_vc alias=&#8221;slider_1&#8243;]<\/div><\/div><\/div>[\/vc_column][\/vc_row][vc_row full_width=&#8221;stretch_row_content&#8221; inverse=&#8221;&#8221; el_id=&#8221;scroll_here&#8221;][vc_column]<div class=\"sc_section margin_top_huge\"><div class=\"sc_section_inner\"><h6 class=\"sc_section_subtitle sc_item_subtitle\">Fazemos tudo por voc\u00eas!<\/h6><div class=\"sc_section_content_wrap\"><h2 class=\"sc_title sc_title_underline sc_align_center margin_top_null margin_bottom_null\" style=\"text-align:center;\">BEM-VINDO \u00c0 GET MARRIED WEDDING PLANNER!<\/h2><h1 class=\"sc_title sc_title_underline_heart sc_align_center margin_top_null\" style=\"text-align:center;\"><\/h1><\/div><\/div><\/div>[\/vc_column][\/vc_row][vc_row full_width=&#8221;stretch_row_content&#8221; inverse=&#8221;&#8221;][vc_column width=&#8221;1\/3&#8243;]<h6 class=\"sc_title sc_title_underline sc_align_center\" style=\"text-align:center;\">CONSULTORIA<\/h6>[vc_column_text]O vosso casamento \u00e9 um dia memor\u00e1vel, um dia que\u00a0exige muito tempo e disponibilidade de prepara\u00e7\u00e3o. O or\u00e7amento \u00e9\u00a0talvez o fator mais importante para a realiza\u00e7\u00e3o de todas as vossas\u00a0idealiza\u00e7\u00f5es. O servi\u00e7o de consultoria \u00e9 assim uma mais valia na\u00a0gest\u00e3o do mesmo e na escolha e aconselhamento dos melhores\u00a0fornecedores dentro tamb\u00e9m da tem\u00e1tica do vosso casamento.[\/vc_column_text][\/vc_column][vc_column width=&#8221;1\/3&#8243;]<h6 class=\"sc_title sc_title_underline sc_align_center\" style=\"text-align:center;\">SERVI\u00c7OS<\/h6>[vc_column_text]Temos o mais amplo leque de servi\u00e7os para vos oferecer.\u00a0Um trabalho realizado para a par, em que a vossa consulta e opini\u00e3o\u00a0\u00e9 fulcral para que o resultado seja um dia perfeito! Relaxem, a Get\u00a0Married trata de tudo para que possam viver este momento das\u00a0vossas vidas repleto de tranquilidade.[\/vc_column_text][\/vc_column][vc_column width=&#8221;1\/3&#8243;]<h6 class=\"sc_title sc_title_underline sc_align_center\" style=\"text-align:center;\">DISPONIBILIDADE TOTAL<\/h6>[vc_column_text]Estamos dispon\u00edveis para vos ajudar sempre, aconselhar e fazer do dia do vosso casamento, um dia inesquec\u00edvel quer para voc\u00eas quer para os vossos convidados. A nossa dedica\u00e7\u00e3o e disponibilidade s\u00e3o o refelexo do nosso trabalho. Vamos criar mem\u00f3rias?[\/vc_column_text][\/vc_column][\/vc_row][vc_row full_width=&#8221;stretch_row_content&#8221;][vc_column][vc_empty_space height=&#8221;50px&#8221;]<div class=\"widget_area sc_recent_news_wrap vc_recent_news wpb_content_element\"><aside id=\"widget_recent_news\" class=\"widget widget_recent_news\"><div class=\"sc_recent_news sc_recent_news_style_news-magazine sc_recent_news_with_accented\"><div class=\"sc_recent_news_header\"><div class=\"sc_recent_news_header_captions\"><h4 class=\"sc_recent_news_title\">\u00daltimas do blog<\/h4><\/div><\/div><!-- \/.sc_recent_news_header --><div class=\"columns_wrap\"><div class=\"column-1_3\"><article id=\"post-4782\" \n\t\t\tclass=\"post_item post_layout_news-magazine post_format_standard post_accented_on post-4782 post type-post status-publish format-standard has-post-thumbnail hentry category-blog tag-palacio-da-bolsa tag-palacio-da-borralha tag-palacio-da-pena tag-palacio-de-monserrate tag-palacio-de-queluz tag-palacio-do-freixo tag-portuguese-palaces tag-vidago-palace tag-casar-em-portugal tag-destination-wedding tag-get-married-in-portugal tag-get-married-wedding-planner tag-wedding-planner-portugal tag-weddings-with-emotion\"\t\t\t>\n\t\t\n\t\t\t\t\t\t\t<div class=\"post_featured\">\n\t\t\t\t\t\t<div class=\"post_thumb\" data-image=\"https:\/\/www.getmarried.pt\/wp-content\/uploads\/2025\/09\/RenataMurilo_Wedd-0004.jpg\" data-title=\"Casar Num Pal\u00e1cio: Quando o Amor Se Encontra com a Hist\u00f3ria\">\n\t<a class=\"hover_icon hover_icon_link\" href=\"https:\/\/www.getmarried.pt\/pt\/2025\/10\/15\/palacios-de-portugal\/\"><img loading=\"lazy\" decoding=\"async\" class=\"wp-post-image\" width=\"370\" height=\"209\" alt=\"Casar Num Pal\u00e1cio: Quando o Amor Se Encontra com a Hist\u00f3ria\" src=\"https:\/\/www.getmarried.pt\/wp-content\/uploads\/2025\/09\/RenataMurilo_Wedd-0004-370x209.jpg\"><\/a>\t<\/div>\n\t\t\t\t\t\t\t<div class=\"post_info\"><span class=\"post_categories\"><a class=\"category_link\" href=\"https:\/\/www.getmarried.pt\/pt\/category\/blog\/\">blog<\/a><\/span><\/div>\n\t\t\t\t\t\t\t\t\t\t<\/div>\n\t\t\t\t\t\t\t\t<div class=\"post_header entry-header\">\n\t\t\t\t\t\t\t\t\t\t\t\t<h5 class=\"post_title entry-title\"><a href=\"https:\/\/www.getmarried.pt\/pt\/2025\/10\/15\/palacios-de-portugal\/\">Casar Num Pal\u00e1cio: Quando o Amor Se Encontra com a Hist\u00f3ria<\/a><\/h5>\n\t\t\t\t\t\t\t<div class=\"post_meta\"><span class=\"post_meta_author\">Maria Vilar<\/span><span class=\"post_meta_date\"><a href=\"https:\/\/www.getmarried.pt\/pt\/2025\/10\/15\/palacios-de-portugal\/\">15 Outubro, 2025<\/a><\/span><\/div>\t\t\t\t<\/div><!-- .entry-header -->\n\t\t\t\t\t\t\t\n\t\t\t\t<div class=\"post_content entry-content\">\n\t\t\t\t\t<p>J\u00e1 imaginaram entrar no vosso casamento e sentir-se dentro de um verdadeiro conto de fadas? \u00c9 exatamente essa a magia de casar num pal\u00e1cio em...<\/p>\n\t\t\t\t<\/div><!-- .entry-content -->\n\t\t\t\n\t\t\t\t<div class=\"post_footer entry-footer\">\n\t\t\t\t\t<div class=\"post_counters\">\n\t\t\t\t\t\t<a class=\"post_counters_item post_counters_views icon-eye\" title=\"Views - 255\" href=\"https:\/\/www.getmarried.pt\/pt\/2025\/10\/15\/palacios-de-portugal\/\"><span class=\"post_counters_number\">255<\/span> Views<\/a>\n\t\t<a class=\"post_counters_item post_counters_likes icon-heart-empty enabled\" title=\"Like\" href=\"#\"\n\t\tdata-postid=\"4782\"\n\t\tdata-likes=\"0\"\n\t\tdata-title-like=\"Like\"\n\t\tdata-title-dislike=\"Dislike\"><span class=\"post_counters_number\">0<\/span> Likes<\/a>\n\t\t<a class=\"post_counters_item post_counters_comments icon-comment\" title=\"Comments - 0\" href=\"https:\/\/www.getmarried.pt\/pt\/2025\/10\/15\/palacios-de-portugal\/#respond\"><span class=\"post_counters_number\">0<\/span> Comments<\/a>\n\t\t\t\t\t\t<\/div>\n\t\t\t\t<\/div><!-- .entry-footer -->\n\t\t\t\t\t\t<\/article>\n\t\t<\/div><div class=\"column-1_3\"><article id=\"post-4721\" \n\t\t\tclass=\"post_item post_layout_news-magazine post_format_standard post_accented_on post-4721 post type-post status-publish format-standard has-post-thumbnail hentry category-blog tag-micro-wedding tag-casar-em-portugal tag-get-married-in-portugal tag-get-married-wedding-planner tag-wedding-planner tag-wedding-planner-portugal tag-weddings-with-emotion\"\t\t\t>\n\t\t\n\t\t\t\t\t\t\t<div class=\"post_featured\">\n\t\t\t\t\t\t<div class=\"post_thumb\" data-image=\"https:\/\/www.getmarried.pt\/wp-content\/uploads\/2025\/08\/katmat-wedding-170-scaled.jpg\" data-title=\"Micro Wedding: A Beleza do Simples | Katherine &amp; Matthew\">\n\t<a class=\"hover_icon hover_icon_link\" href=\"https:\/\/www.getmarried.pt\/pt\/2025\/08\/17\/micro-weddings\/\"><img loading=\"lazy\" decoding=\"async\" class=\"wp-post-image\" width=\"370\" height=\"209\" alt=\"Micro Wedding: A Beleza do Simples | Katherine &amp; Matthew\" src=\"https:\/\/www.getmarried.pt\/wp-content\/uploads\/2025\/08\/katmat-wedding-170-scaled-370x209.jpg\"><\/a>\t<\/div>\n\t\t\t\t\t\t\t<div class=\"post_info\"><span class=\"post_categories\"><a class=\"category_link\" href=\"https:\/\/www.getmarried.pt\/pt\/category\/blog\/\">blog<\/a><\/span><\/div>\n\t\t\t\t\t\t\t\t\t\t<\/div>\n\t\t\t\t\t\t\t\t<div class=\"post_header entry-header\">\n\t\t\t\t\t\t\t\t\t\t\t\t<h5 class=\"post_title entry-title\"><a href=\"https:\/\/www.getmarried.pt\/pt\/2025\/08\/17\/micro-weddings\/\">Micro Wedding: A Beleza do Simples | Katherine &#038; Matthew<\/a><\/h5>\n\t\t\t\t\t\t\t<div class=\"post_meta\"><span class=\"post_meta_author\">Maria Vilar<\/span><span class=\"post_meta_date\"><a href=\"https:\/\/www.getmarried.pt\/pt\/2025\/08\/17\/micro-weddings\/\">17 Agosto, 2025<\/a><\/span><\/div>\t\t\t\t<\/div><!-- .entry-header -->\n\t\t\t\t\t\t\t\n\t\t\t\t<div class=\"post_content entry-content\">\n\t\t\t\t\t<p>No passado dia 29 de junho, celebr\u00e1mos o casamento de Katherine e Matthew, um dia absolutamente encantador e repleto de significado. Mas este...<\/p>\n\t\t\t\t<\/div><!-- .entry-content -->\n\t\t\t\n\t\t\t\t<div class=\"post_footer entry-footer\">\n\t\t\t\t\t<div class=\"post_counters\">\n\t\t\t\t\t\t<a class=\"post_counters_item post_counters_views icon-eye\" title=\"Views - 319\" href=\"https:\/\/www.getmarried.pt\/pt\/2025\/08\/17\/micro-weddings\/\"><span class=\"post_counters_number\">319<\/span> Views<\/a>\n\t\t<a class=\"post_counters_item post_counters_likes icon-heart-empty enabled\" title=\"Like\" href=\"#\"\n\t\tdata-postid=\"4721\"\n\t\tdata-likes=\"1\"\n\t\tdata-title-like=\"Like\"\n\t\tdata-title-dislike=\"Dislike\"><span class=\"post_counters_number\">1<\/span> Likes<\/a>\n\t\t<a class=\"post_counters_item post_counters_comments icon-comment\" title=\"Comments - 0\" href=\"https:\/\/www.getmarried.pt\/pt\/2025\/08\/17\/micro-weddings\/#respond\"><span class=\"post_counters_number\">0<\/span> Comments<\/a>\n\t\t\t\t\t\t<\/div>\n\t\t\t\t<\/div><!-- .entry-footer -->\n\t\t\t\t\t\t<\/article>\n\t\t<\/div><div class=\"column-1_3\"><article id=\"post-4646\" \n\t\t\tclass=\"post_item post_layout_news-magazine post_format_standard post_accented_on post-4646 post type-post status-publish format-standard has-post-thumbnail hentry category-blog tag-fairytale-weddings tag-quinta-de-quinta tag-casar-em-portugal tag-get-married-in-portugal tag-get-married-wedding-planner tag-wedding-planner tag-wedding-planner-portugal tag-weddings-with-emotion\"\t\t\t>\n\t\t\n\t\t\t\t\t\t\t<div class=\"post_featured\">\n\t\t\t\t\t\t<div class=\"post_thumb\" data-image=\"https:\/\/www.getmarried.pt\/wp-content\/uploads\/2025\/04\/ATM21415-1.jpg\" data-title=\"Rita&amp;Jo\u00e3o | Quinta da Quint\u00e3\">\n\t<a class=\"hover_icon hover_icon_link\" href=\"https:\/\/www.getmarried.pt\/pt\/2025\/04\/26\/ritajoao_quintadequinta\/\"><img loading=\"lazy\" decoding=\"async\" class=\"wp-post-image\" width=\"370\" height=\"209\" alt=\"Rita&amp;Jo\u00e3o | Quinta da Quint\u00e3\" src=\"https:\/\/www.getmarried.pt\/wp-content\/uploads\/2025\/04\/ATM21415-1-370x209.jpg\"><\/a>\t<\/div>\n\t\t\t\t\t\t\t<div class=\"post_info\"><span class=\"post_categories\"><a class=\"category_link\" href=\"https:\/\/www.getmarried.pt\/pt\/category\/blog\/\">blog<\/a><\/span><\/div>\n\t\t\t\t\t\t\t\t\t\t<\/div>\n\t\t\t\t\t\t\t\t<div class=\"post_header entry-header\">\n\t\t\t\t\t\t\t\t\t\t\t\t<h5 class=\"post_title entry-title\"><a href=\"https:\/\/www.getmarried.pt\/pt\/2025\/04\/26\/ritajoao_quintadequinta\/\">Rita&#038;Jo\u00e3o | Quinta da Quint\u00e3<\/a><\/h5>\n\t\t\t\t\t\t\t<div class=\"post_meta\"><span class=\"post_meta_author\">Maria Vilar<\/span><span class=\"post_meta_date\"><a href=\"https:\/\/www.getmarried.pt\/pt\/2025\/04\/26\/ritajoao_quintadequinta\/\">26 Abril, 2025<\/a><\/span><\/div>\t\t\t\t<\/div><!-- .entry-header -->\n\t\t\t\t\t\t\t\n\t\t\t\t<div class=\"post_content entry-content\">\n\t\t\t\t\t<p>O casamento dos noivos Rita e Jo\u00e3o foi um verdadeiro conto de fadas, repleto de momentos inesquec\u00edveis e emo\u00e7\u00f5es \u00e0 flor da pele. Desde os...<\/p>\n\t\t\t\t<\/div><!-- .entry-content -->\n\t\t\t\n\t\t\t\t<div class=\"post_footer entry-footer\">\n\t\t\t\t\t<div class=\"post_counters\">\n\t\t\t\t\t\t<a class=\"post_counters_item post_counters_views icon-eye\" title=\"Views - 446\" href=\"https:\/\/www.getmarried.pt\/pt\/2025\/04\/26\/ritajoao_quintadequinta\/\"><span class=\"post_counters_number\">446<\/span> Views<\/a>\n\t\t<a class=\"post_counters_item post_counters_likes icon-heart-empty enabled\" title=\"Like\" href=\"#\"\n\t\tdata-postid=\"4646\"\n\t\tdata-likes=\"1\"\n\t\tdata-title-like=\"Like\"\n\t\tdata-title-dislike=\"Dislike\"><span class=\"post_counters_number\">1<\/span> Likes<\/a>\n\t\t<a class=\"post_counters_item post_counters_comments icon-comment\" title=\"Comments - 0\" href=\"https:\/\/www.getmarried.pt\/pt\/2025\/04\/26\/ritajoao_quintadequinta\/#respond\"><span class=\"post_counters_number\">0<\/span> Comments<\/a>\n\t\t\t\t\t\t<\/div>\n\t\t\t\t<\/div><!-- .entry-footer -->\n\t\t\t\t\t\t<\/article>\n\t\t<\/div><\/div><!-- \/.columns_wrap --><\/div><!-- \/.sc_recent_news --><\/aside><\/div><!-- \/.sc_recent_news_wrap -->[vc_empty_space height=&#8221;1em&#8221;][vc_empty_space][\/vc_column][\/vc_row][vc_row full_width=&#8221;stretch_row_content&#8221;][vc_column]<h1 class=\"sc_title sc_title_underline_heart sc_align_center margin_top_null\" style=\"text-align:center;\"><\/h1>[rev_slider_vc alias=&#8221;promo2&#8243;][\/vc_column][vc_column]<div class=\"sc_section margin_top_huge\"><div class=\"sc_section_inner\"><div class=\"sc_section_content_wrap\"><h1 class=\"sc_title sc_title_underline_heart sc_align_center margin_top_null\" style=\"text-align:center;\">PORQU\u00ca A GET MARRIED?<\/h1><div class=\"sc_section sc_section_block margin_top_small margin_bottom_medium aligncenter\"><div class=\"sc_section_inner\"><div class=\"sc_section_content_wrap\">[vc_empty_space height=&#8221;0.2em&#8221;][vc_column_text]Portugal tem lindos recantos, \u00e9 um pa\u00eds conhecido pela sua boa comida e bom vinho, um pa\u00eds de muitas mem\u00f3rias e tradi\u00e7\u00f5es!<\/p>\n<p>Estar atenta a todos os detalhes \u00e9 minha preocupa\u00e7\u00e3o constante. Rigor e eleg\u00e2ncia s\u00e3o as palavras chave para uma organiza\u00e7\u00e3o de excel\u00eancia. Rodeio-me dos melhores fornecedores para garantir o melhor servi\u00e7o.<br \/>\nO amor \u00e9 o que nos move e o vosso amor \u00e9 tratado com todo o carinho e dedica\u00e7\u00e3o.<\/p>\n<p>A Get Married Wedding Planner est\u00e1 localizada no centro de Portugal, rodeada por belos espa\u00e7os para realizar o vosso casamento, praias magn\u00edficas, montanhas, rios, um exemplo disso \u00e9 o rio Douro, com lindas paisagens como pano de fundo para o vosso casamento.<br \/>\nN\u00e3o esperem mais, porque a vossa felicidade \u00e9 a raz\u00e3o do meu trabalho![\/vc_column_text]<\/div><\/div><\/div><\/div><\/div><\/div>[vc_empty_space]<h1 class=\"sc_title sc_title_underline_heart sc_align_center margin_top_null\" style=\"text-align:center;\"><\/h1>[vc_empty_space][\/vc_column][vc_column][rev_slider_vc alias=&#8221;promo&#8221;][\/vc_column][\/vc_row][vc_row full_width=&#8221;stretch_row_content&#8221;][vc_column][vc_empty_space height=&#8221;1em&#8221;]<span class=\"sc_icon icon-3 aligncenter margin_top_large margin_bottom_small\" style=\"display:block;font-size:3.3em; line-height: 1em;color:#ff6780;\"><\/span><div class=\"sc_section margin_bottom_medium aligncenter\"><div class=\"sc_section_inner\"><h6 class=\"sc_section_subtitle sc_item_subtitle\">Onde estamos<\/h6><h2 class=\"sc_section_title sc_item_title sc_item_title_with_descr\">OVAR<\/h2><div class=\"sc_section_descr sc_item_descr\">Rua Elias Garcia, 106, 2\u00baESQ, 3880-213 OVAR<\/div><div class=\"sc_section_content_wrap\"><\/div><\/div><\/div><div class=\"sc_section margin_bottom_medium aligncenter\"><div class=\"sc_section_inner\"><h6 class=\"sc_section_subtitle sc_item_subtitle\">geral@getmarried.pt<\/h6><div class=\"sc_section_descr sc_item_descr\">+351 910 159 013<\/div><div class=\"sc_section_content_wrap\"><\/div><\/div><\/div><div class=\"sc_section margin_bottom_medium aligncenter\"><div class=\"sc_section_inner\"><h6 class=\"sc_section_subtitle sc_item_subtitle\">Chamada para rede m\u00f3vel nacional<\/h6><div class=\"sc_section_content_wrap\"><\/div><\/div><\/div>[vc_empty_space height=&#8221;1em&#8221;][\/vc_column][\/vc_row][vc_row][vc_column][vc_empty_space height=&#8221;50px&#8221;][vc_empty_space height=&#8221;50px&#8221;]<h1 class=\"sc_title sc_title_underline_heart sc_align_center margin_top_null\" style=\"text-align:center;\">RECOMENDA\u00c7\u00d5ES<\/h1>[\/vc_column][\/vc_row][vc_row][vc_column width=&#8221;1\/6&#8243;][\/vc_column][vc_column width=&#8221;1\/6&#8243;][\/vc_column][vc_column width=&#8221;1\/6&#8243;]<figure class=\"sc_image  sc_image_shape_square\" data-animation=\"animated fadeIn normal\"><a href=\"https:\/\/www.zankyou.pt\/f\/get-married-wedding-planner-612726\"><img decoding=\"async\" src=\"https:\/\/www.getmarried.pt\/wp-content\/uploads\/2020\/05\/logo-zankyou.png\" alt=\"\" \/><\/a><\/figure>[\/vc_column][vc_column width=&#8221;1\/6&#8243;]<figure class=\"sc_image  sc_image_shape_square\" data-animation=\"animated fadeIn normal\"><a href=\"https:\/\/www.casamentos.pt\/organizadores-de-casamentos\/get-married-wedding-planner--e118036\"><img decoding=\"async\" src=\"https:\/\/www.getmarried.pt\/wp-content\/uploads\/2020\/05\/casamentospt_Prancheta-1.jpg\" alt=\"\" \/><\/a><\/figure>[\/vc_column][vc_column width=&#8221;1\/6&#8243;][\/vc_column][vc_column width=&#8221;1\/6&#8243;][\/vc_column][\/vc_row][vc_row][vc_column width=&#8221;1\/3&#8243;][\/vc_column][vc_column width=&#8221;1\/3&#8243;][vc_single_image image=&#8221;3547&#8243; alignment=&#8221;center&#8221;][\/vc_column][vc_column width=&#8221;1\/3&#8243;][\/vc_column][\/vc_row]<\/p>\n","protected":false},"excerpt":{"rendered":"<p>[vc_row full_width=&#8221;stretch_row_content&#8221;][vc_column][\/vc_column][\/vc_row][vc_row full_width=&#8221;stretch_row_content&#8221; inverse=&#8221;&#8221; el_id=&#8221;scroll_here&#8221;][vc_column][\/vc_column][\/vc_row][vc_row full_width=&#8221;stretch_row_content&#8221; inverse=&#8221;&#8221;][vc_column width=&#8221;1\/3&#8243;][vc_column_text]O vosso casamento \u00e9 um dia memor\u00e1vel, um dia que\u00a0exige muito tempo e disponibilidade de prepara\u00e7\u00e3o. O or\u00e7amento \u00e9\u00a0talvez o fator mais importante para a realiza\u00e7\u00e3o de todas as vossas\u00a0idealiza\u00e7\u00f5es. O servi\u00e7o de consultoria \u00e9 assim uma mais valia na\u00a0gest\u00e3o do mesmo e na escolha e aconselhamento dos [&hellip;]<\/p>\n","protected":false},"author":2,"featured_media":0,"parent":0,"menu_order":0,"comment_status":"closed","ping_status":"open","template":"","meta":{"footnotes":""},"class_list":["post-2","page","type-page","status-publish","hentry"],"_links":{"self":[{"href":"https:\/\/www.getmarried.pt\/pt\/wp-json\/wp\/v2\/pages\/2","targetHints":{"allow":["GET"]}}],"collection":[{"href":"https:\/\/www.getmarried.pt\/pt\/wp-json\/wp\/v2\/pages"}],"about":[{"href":"https:\/\/www.getmarried.pt\/pt\/wp-json\/wp\/v2\/types\/page"}],"author":[{"embeddable":true,"href":"https:\/\/www.getmarried.pt\/pt\/wp-json\/wp\/v2\/users\/2"}],"replies":[{"embeddable":true,"href":"https:\/\/www.getmarried.pt\/pt\/wp-json\/wp\/v2\/comments?post=2"}],"version-history":[{"count":52,"href":"https:\/\/www.getmarried.pt\/pt\/wp-json\/wp\/v2\/pages\/2\/revisions"}],"predecessor-version":[{"id":4819,"href":"https:\/\/www.getmarried.pt\/pt\/wp-json\/wp\/v2\/pages\/2\/revisions\/4819"}],"wp:attachment":[{"href":"https:\/\/www.getmarried.pt\/pt\/wp-json\/wp\/v2\/media?parent=2"}],"curies":[{"name":"wp","href":"https:\/\/api.w.org\/{rel}","templated":true}]}}